{"id":17,"date":"2017-03-24T12:31:38","date_gmt":"2017-03-24T12:31:38","guid":{"rendered":"https:\/\/ossenty.com.tr\/index.php\/about-us-style-1\/"},"modified":"2022-11-25T14:00:50","modified_gmt":"2022-11-25T11:00:50","slug":"about-us-style-1","status":"publish","type":"page","link":"https:\/\/ossenty.com.tr\/index.php\/about-us-style-1\/","title":{"rendered":"Hakk\u0131m\u0131zda"},"content":{"rendered":"<p>[vc_row][vc_column][vc_empty_space height=&#8221;2.5em&#8221; alter_height=&#8221;none&#8221; hide_on_mobile=&#8221;&#8221;][\/vc_column][\/vc_row][vc_row equal_height=&#8221;yes&#8221;][vc_column css=&#8221;.vc_custom_1492438904748{margin-right: 20px !important;margin-left: 20px !important;background-color: #ebe9e6 !important;}&#8221; offset=&#8221;vc_col-lg-6 vc_col-md-12&#8243;][vc_empty_space height=&#8221;1.6em&#8221; alter_height=&#8221;none&#8221; hide_on_mobile=&#8221;&#8221;]<div  id=\"sc_promo_1674123042\" \r\n\tclass=\"sc_promo sc_promo_default sc_promo_size_normal sc_promo_no_image\"><div class=\"sc_promo_text\" style=\"width: 100%;\">\r\n\t\t\t<div class=\"sc_promo_text_inner\" style=\"\"><h6 class=\"sc_item_subtitle sc_promo_subtitle sc_align_left sc_item_title_style_default\">welcome<\/h6><h3 class=\"sc_item_title sc_promo_title sc_align_left sc_item_title_style_default\"><i>Ossenty<\/i> G\u00f6mlek<\/h3><div class=\"sc_item_descr sc_promo_descr sc_align_left\"><p>B\u00fcy\u00fck bir g\u00f6mlek \u00fcretim firmas\u0131 olmam\u0131za ra\u011fmen \u00fcretti\u011fimiz her bir g\u00f6mle\u011fe bir terzinin hassas dokunu\u015funu ve kalitesini uyguluyoruz. OSSENTY\u00ae olarak g\u00f6revimiz en \u00e7ok tercih edilen g\u00f6mlek \u00fcretim firmas\u0131 olabilmek ve m\u00fc\u015fterilerimize istisnai de\u011fer ve kaliteli i\u015f\u00e7ilik sa\u011flayabilmektir.<\/p>\n<p><\/p>\n<p>Uzman ekibimiz, giyenin hem rahat hem de sofistike hissetmesini sa\u011flayan \u00f6zel ve \u00f6zg\u00fcn g\u00f6mlekler tasarlamak i\u00e7in yorulmadan \u00e7al\u0131\u015fmaktad\u0131r. En \u00fcst kalite kuma\u015flar kullanarak d\u00fcnyaca \u00fcnl\u00fc markalara g\u00f6mlek \u00fcretimini rekabet\u00e7i fiyatlarla sunuyoruz.<\/p>\n<p><\/p>\n<p>Biz g\u00f6mlek \u00fcretim sanat\u0131na kendimizi adad\u0131k ve bu zamans\u0131z gelene\u011fi onurland\u0131r\u0131rken b\u00fcy\u00fcmeye devam etmek i\u00e7in sab\u0131rs\u0131zlan\u0131yoruz.<\/p>\n<\/div><div class=\"sc_promo_content sc_item_content\">[vc_empty_space height=&#8221;1em&#8221; alter_height=&#8221;none&#8221; hide_on_mobile=&#8221;&#8221;]<div id=\"sc_content_2008175598\"\r\n\t\tclass=\"sc_content sc_content_default sc_float_left sc_content_width_100p\"><div class=\"sc_content_container\"><div id=\"sc_skills_848482959\"\r\n\t\tclass=\"sc_skills sc_skills_counter\"\r\n\t\t\t\tdata-type=\"counter\"\r\n\t\t><div class=\"sc_skills_columns sc_item_columns trx_addons_columns_wrap columns_padding_bottom\"><div class=\"sc_skills_column trx_addons_column-1_3\"><div class=\"sc_skills_item_wrap\"><div class=\"sc_skills_item\"><div class=\"sc_skills_icon Array\"><\/div><div class=\"sc_skills_total\" data-start=\"0\" data-stop=\"100000\" data-step=\"1\" data-max=\"100\" data-speed=\"40\" data-duration=\"4000000\" data-ed=\"\">0<\/div><\/div><div class=\"sc_skills_item_title\">Mutlu M\u00fc\u015fteri<\/div><\/div><\/div><div class=\"sc_skills_column trx_addons_column-1_3\"><div class=\"sc_skills_item_wrap\"><div class=\"sc_skills_item\"><div class=\"sc_skills_icon Array\"><\/div><div class=\"sc_skills_total\" data-start=\"0\" data-stop=\"1324\" data-step=\"1\" data-max=\"100\" data-speed=\"15\" data-duration=\"19860\" data-ed=\"\">0<\/div><\/div><div class=\"sc_skills_item_title\">\u00dcr\u00fcn \u00c7e\u015fidi<\/div><\/div><\/div><div class=\"sc_skills_column trx_addons_column-1_3\"><div class=\"sc_skills_item_wrap\"><div class=\"sc_skills_item\"><div class=\"sc_skills_icon Array\"><\/div><div class=\"sc_skills_total\" data-start=\"0\" data-stop=\"26\" data-step=\"1\" data-max=\"100\" data-speed=\"29\" data-duration=\"754\" data-ed=\"\">0<\/div><\/div><div class=\"sc_skills_item_title\">Sat\u0131\u015f noktas\u0131<\/div><\/div><\/div><div class=\"sc_skills_column trx_addons_column-1_3\"><div class=\"sc_skills_item_wrap\"><div class=\"sc_skills_item\"><div class=\"sc_skills_icon Array\"><\/div><div class=\"sc_skills_total\" data-start=\"0\" data-stop=\"15\" data-step=\"1\" data-max=\"100\" data-speed=\"12\" data-duration=\"180\" data-ed=\"\">0<\/div><\/div><div class=\"sc_skills_item_title\">Y\u0131ld\u0131r<\/div><\/div><\/div><div class=\"sc_skills_column trx_addons_column-1_3\"><div class=\"sc_skills_item_wrap\"><div class=\"sc_skills_item\"><div class=\"sc_skills_icon Array\"><\/div><div class=\"sc_skills_total\" data-start=\"0\" data-stop=\"25\" data-step=\"1\" data-max=\"100\" data-speed=\"14\" data-duration=\"350\" data-ed=\"\">0<\/div><\/div><div class=\"sc_skills_item_title\">Uzman<\/div><\/div><\/div><div class=\"sc_skills_column trx_addons_column-1_3\"><div class=\"sc_skills_item_wrap\"><div class=\"sc_skills_item\"><div class=\"sc_skills_icon Array\"><\/div><div class=\"sc_skills_total\" data-start=\"0\" data-stop=\"12\" data-step=\"1\" data-max=\"100\" data-speed=\"27\" data-duration=\"324\" data-ed=\"\">0<\/div><\/div><div class=\"sc_skills_item_title\">Kalite \u00d6d\u00fcl\u00fc<\/div><\/div><\/div><\/div><\/div><\/div><\/div><!-- \/.sc_content --><\/div><\/div>\r\n\t\t<\/div><!-- \/.sc_promo_text --><\/div><!-- \/.sc_promo -->[\/vc_column][vc_column width=&#8221;1\/2&#8243; offset=&#8221;vc_hidden-lg&#8221;][vc_empty_space height=&#8221;1.5em&#8221; alter_height=&#8221;none&#8221; hide_on_mobile=&#8221;&#8221;][\/vc_column][vc_column offset=&#8221;vc_col-lg-6 vc_col-md-12&#8243;]<div id=\"widget_slider_1641893093\" class=\"widget_area sc_widget_slider vc_widget_slider wpb_content_element\"><aside id=\"widget_slider_1641893093_widget\" class=\"widget widget_slider\">            <div class=\"slider_wrap slider_engine_swiper\">\r\n\t\t\t\t<div id=\"widget_slider_1641893093_outer\" class=\"slider_swiper_outer slider_style_default slider_outer_direction_horizontal slider_outer_controls slider_outer_controls_side slider_outer_nopagination slider_outer_titles_center slider_outer_one\"><div id=\"widget_slider_1641893093_swiper\" class=\"slider_swiper swiper-slider-container slider_direction_horizontal slider_controls slider_controls_side slider_nopagination slider_titles_center slider_one slider_resize slider_height_auto slider_type_bg\" data-ratio=\"45:31\" data-interval=\"7000\" data-effect=\"slide\" data-pagination=\"bullets\" data-direction=\"horizontal\" data-slides-per-view=\"1\" data-slides-space=\"0\">\r\n\t\t\t\t\t\t<div class=\"swiper-wrapper\"><div  class=\"swiper-slide\" data-image=\"https:\/\/ossenty.com.tr\/wp-content\/uploads\/2022\/10\/2.jpeg\" style=\"background-image:url(https:\/\/ossenty.com.tr\/wp-content\/uploads\/2022\/10\/2.jpeg);\"><\/div><div  class=\"swiper-slide\" data-image=\"https:\/\/ossenty.com.tr\/wp-content\/uploads\/2022\/10\/3.jpeg\" style=\"background-image:url(https:\/\/ossenty.com.tr\/wp-content\/uploads\/2022\/10\/3.jpeg);\"><\/div><div  class=\"swiper-slide\" data-image=\"https:\/\/ossenty.com.tr\/wp-content\/uploads\/2022\/10\/6.jpeg\" style=\"background-image:url(https:\/\/ossenty.com.tr\/wp-content\/uploads\/2022\/10\/6.jpeg);\"><\/div><\/div><!-- \/.swiper-wripper --><div class=\"slider_controls_wrap\"><a class=\"slider_prev swiper-button-prev\" href=\"#\"><\/a><a class=\"slider_next swiper-button-next\" href=\"#\"><\/a><\/div><\/div><!-- \/.slider_swiper --><\/div><!-- \/.slider_swiper_outer -->            <\/div>\r\n\t\t\t<\/aside><\/div>[\/vc_column][\/vc_row]<\/p>\n","protected":false},"excerpt":{"rendered":"<p>[vc_row][vc_column][vc_empty_space height=&#8221;2.5em&#8221; alter_height=&#8221;none&#8221; hide_on_mobile=&#8221;&#8221;][\/vc_column][\/vc_row][vc_row equal_height=&#8221;yes&#8221;][vc_column css=&#8221;.vc_custom_1492438904748{margin-right: 20px !important;margin-left: 20px !important;background-color: #ebe9e6 !important;}&#8221; offset=&#8221;vc_col-lg-6 vc_col-md-12&#8243;][vc_empty_space height=&#8221;1.6em&#8221; alter_height=&#8221;none&#8221; hide_on_mobile=&#8221;&#8221;][\/vc_column][vc_column width=&#8221;1\/2&#8243; offset=&#8221;vc_hidden-lg&#8221;][vc_empty_space height=&#8221;1.5em&#8221; alter_height=&#8221;none&#8221; hide_on_mobile=&#8221;&#8221;][\/vc_column][vc_column offset=&#8221;vc_col-lg-6 vc_col-md-12&#8243;][\/vc_column][\/vc_row]<\/p>\n","protected":false},"author":1,"featured_media":0,"parent":0,"menu_order":0,"comment_status":"closed","ping_status":"closed","template":"","meta":{"footnotes":""},"class_list":["post-17","page","type-page","status-publish","hentry"],"_links":{"self":[{"href":"https:\/\/ossenty.com.tr\/index.php\/wp-json\/wp\/v2\/pages\/17","targetHints":{"allow":["GET"]}}],"collection":[{"href":"https:\/\/ossenty.com.tr\/index.php\/wp-json\/wp\/v2\/pages"}],"about":[{"href":"https:\/\/ossenty.com.tr\/index.php\/wp-json\/wp\/v2\/types\/page"}],"author":[{"embeddable":true,"href":"https:\/\/ossenty.com.tr\/index.php\/wp-json\/wp\/v2\/users\/1"}],"replies":[{"embeddable":true,"href":"https:\/\/ossenty.com.tr\/index.php\/wp-json\/wp\/v2\/comments?post=17"}],"version-history":[{"count":5,"href":"https:\/\/ossenty.com.tr\/index.php\/wp-json\/wp\/v2\/pages\/17\/revisions"}],"predecessor-version":[{"id":95,"href":"https:\/\/ossenty.com.tr\/index.php\/wp-json\/wp\/v2\/pages\/17\/revisions\/95"}],"wp:attachment":[{"href":"https:\/\/ossenty.com.tr\/index.php\/wp-json\/wp\/v2\/media?parent=17"}],"curies":[{"name":"wp","href":"https:\/\/api.w.org\/{rel}","templated":true}]}}